{"id":2337,"date":"2025-03-24T23:19:40","date_gmt":"2025-03-24T23:19:40","guid":{"rendered":"https:\/\/www.yushangwheel.com\/?page_id=2337"},"modified":"2025-06-02T15:52:49","modified_gmt":"2025-06-02T15:52:49","slug":"about-us","status":"publish","type":"page","link":"https:\/\/yushangwheel.com\/es\/about-us\/","title":{"rendered":"Qui\u00e9nes somos"},"content":{"rendered":"<div data-elementor-type=\"wp-page\" data-elementor-id=\"2337\" class=\"elementor elementor-2337\" data-elementor-post-type=\"page\">\n\t\t\t\t<div class=\"elementor-element elementor-element-593fc03 e-con-full e-flex e-con e-parent\" data-id=\"593fc03\" data-element_type=\"container\" data-e-type=\"container\">\n\t\t\t\t<div class=\"elementor-element elementor-element-82308df elementor-widget elementor-widget-image\" data-id=\"82308df\" data-element_type=\"widget\" data-e-type=\"widget\" data-widget_type=\"image.default\">\n\t\t\t\t<div class=\"elementor-widget-container\">\n\t\t\t\t\t\t\t\t\t\t\t\t\t\t\t<img decoding=\"async\" src=\"http:\/\/www.yushangwheel.com\/wp-content\/uploads\/2025\/06\/aboutb.jpg\" title=\"\" alt=\"\" loading=\"lazy\" \/>\t\t\t\t\t\t\t\t\t\t\t\t\t\t\t<\/div>\n\t\t\t\t<\/div>\n\t\t<div class=\"elementor-element elementor-element-3a95503 e-flex e-con-boxed e-con e-child\" data-id=\"3a95503\" data-element_type=\"container\" data-e-type=\"container\" data-settings=\"{&quot;position&quot;:&quot;absolute&quot;}\">\n\t\t\t\t\t<div class=\"e-con-inner\">\n\t\t\t\t<div class=\"elementor-element elementor-element-a4bb296 e-grid-align-left elementor-shape-rounded elementor-grid-0 elementor-widget elementor-widget-social-icons\" data-id=\"a4bb296\" data-element_type=\"widget\" data-e-type=\"widget\" data-widget_type=\"social-icons.default\">\n\t\t\t\t<div class=\"elementor-widget-container\">\n\t\t\t\t\t\t\t<div class=\"elementor-social-icons-wrapper elementor-grid\" role=\"list\">\n\t\t\t\t\t\t\t<span class=\"elementor-grid-item\" role=\"listitem\">\n\t\t\t\t\t<a class=\"elementor-icon elementor-social-icon elementor-social-icon-tiktok elementor-repeater-item-f127638\" href=\"https:\/\/www.tiktok.com\/\" target=\"_blank\">\n\t\t\t\t\t\t<span class=\"elementor-screen-only\">Tiktok<\/span>\n\t\t\t\t\t\t<svg aria-hidden=\"true\" class=\"e-font-icon-svg e-fab-tiktok\" viewbox=\"0 0 448 512\" xmlns=\"http:\/\/www.w3.org\/2000\/svg\"><path d=\"M448,209.91a210.06,210.06,0,0,1-122.77-39.25V349.38A162.55,162.55,0,1,1,185,188.31V278.2a74.62,74.62,0,1,0,52.23,71.18V0l88,0a121.18,121.18,0,0,0,1.86,22.17h0A122.18,122.18,0,0,0,381,102.39a121.43,121.43,0,0,0,67,20.14Z\"><\/path><\/svg>\t\t\t\t\t<\/a>\n\t\t\t\t<\/span>\n\t\t\t\t\t\t\t<span class=\"elementor-grid-item\" role=\"listitem\">\n\t\t\t\t\t<a class=\"elementor-icon elementor-social-icon elementor-social-icon-whatsapp elementor-repeater-item-b669643\" href=\"https:\/\/api.whatsapp.com\/send?phone=\" target=\"_blank\">\n\t\t\t\t\t\t<span class=\"elementor-screen-only\">Whatsapp<\/span>\n\t\t\t\t\t\t<svg aria-hidden=\"true\" class=\"e-font-icon-svg e-fab-whatsapp\" viewbox=\"0 0 448 512\" xmlns=\"http:\/\/www.w3.org\/2000\/svg\"><path d=\"M380.9 97.1C339 55.1 283.2 32 223.9 32c-122.4 0-222 99.6-222 222 0 39.1 10.2 77.3 29.6 111L0 480l117.7-30.9c32.4 17.7 68.9 27 106.1 27h.1c122.3 0 224.1-99.6 224.1-222 0-59.3-25.2-115-67.1-157zm-157 341.6c-33.2 0-65.7-8.9-94-25.7l-6.7-4-69.8 18.3L72 359.2l-4.4-7c-18.5-29.4-28.2-63.3-28.2-98.2 0-101.7 82.8-184.5 184.6-184.5 49.3 0 95.6 19.2 130.4 54.1 34.8 34.9 56.2 81.2 56.1 130.5 0 101.8-84.9 184.6-186.6 184.6zm101.2-138.2c-5.5-2.8-32.8-16.2-37.9-18-5.1-1.9-8.8-2.8-12.5 2.8-3.7 5.6-14.3 18-17.6 21.8-3.2 3.7-6.5 4.2-12 1.4-32.6-16.3-54-29.1-75.5-66-5.7-9.8 5.7-9.1 16.3-30.3 1.8-3.7.9-6.9-.5-9.7-1.4-2.8-12.5-30.1-17.1-41.2-4.5-10.8-9.1-9.3-12.5-9.5-3.2-.2-6.9-.2-10.6-.2-3.7 0-9.7 1.4-14.8 6.9-5.1 5.6-19.4 19-19.4 46.3 0 27.3 19.9 53.7 22.6 57.4 2.8 3.7 39.1 59.7 94.8 83.8 35.2 15.2 49 16.5 66.6 13.9 10.7-1.6 32.8-13.4 37.4-26.4 4.6-13 4.6-24.1 3.2-26.4-1.3-2.5-5-3.9-10.5-6.6z\"><\/path><\/svg>\t\t\t\t\t<\/a>\n\t\t\t\t<\/span>\n\t\t\t\t\t\t\t<span class=\"elementor-grid-item\" role=\"listitem\">\n\t\t\t\t\t<a class=\"elementor-icon elementor-social-icon elementor-social-icon-youtube elementor-repeater-item-f2830d8\" href=\"https:\/\/www.youtube.com\/\" target=\"_blank\">\n\t\t\t\t\t\t<span class=\"elementor-screen-only\">Youtube<\/span>\n\t\t\t\t\t\t<svg aria-hidden=\"true\" class=\"e-font-icon-svg e-fab-youtube\" viewbox=\"0 0 576 512\" xmlns=\"http:\/\/www.w3.org\/2000\/svg\"><path d=\"M549.655 124.083c-6.281-23.65-24.787-42.276-48.284-48.597C458.781 64 288 64 288 64S117.22 64 74.629 75.486c-23.497 6.322-42.003 24.947-48.284 48.597-11.412 42.867-11.412 132.305-11.412 132.305s0 89.438 11.412 132.305c6.281 23.65 24.787 41.5 48.284 47.821C117.22 448 288 448 288 448s170.78 0 213.371-11.486c23.497-6.321 42.003-24.171 48.284-47.821 11.412-42.867 11.412-132.305 11.412-132.305s0-89.438-11.412-132.305zm-317.51 213.508V175.185l142.739 81.205-142.739 81.201z\"><\/path><\/svg>\t\t\t\t\t<\/a>\n\t\t\t\t<\/span>\n\t\t\t\t\t\t\t<span class=\"elementor-grid-item\" role=\"listitem\">\n\t\t\t\t\t<a class=\"elementor-icon elementor-social-icon elementor-social-icon-facebook elementor-repeater-item-e62793a\" href=\"https:\/\/www.facebook.com\/\" target=\"_blank\">\n\t\t\t\t\t\t<span class=\"elementor-screen-only\">Facebook<\/span>\n\t\t\t\t\t\t<svg aria-hidden=\"true\" class=\"e-font-icon-svg e-fab-facebook\" viewbox=\"0 0 512 512\" xmlns=\"http:\/\/www.w3.org\/2000\/svg\"><path d=\"M504 256C504 119 393 8 256 8S8 119 8 256c0 123.78 90.69 226.38 209.25 245V327.69h-63V256h63v-54.64c0-62.15 37-96.48 93.67-96.48 27.14 0 55.52 4.84 55.52 4.84v61h-31.28c-30.8 0-40.41 19.12-40.41 38.73V256h68.78l-11 71.69h-57.78V501C413.31 482.38 504 379.78 504 256z\"><\/path><\/svg>\t\t\t\t\t<\/a>\n\t\t\t\t<\/span>\n\t\t\t\t\t\t\t<span class=\"elementor-grid-item\" role=\"listitem\">\n\t\t\t\t\t<a class=\"elementor-icon elementor-social-icon elementor-social-icon-twitter elementor-repeater-item-fa796bf\" href=\"https:\/\/x.com\/\" target=\"_blank\">\n\t\t\t\t\t\t<span class=\"elementor-screen-only\">Twitter<\/span>\n\t\t\t\t\t\t<svg aria-hidden=\"true\" class=\"e-font-icon-svg e-fab-twitter\" viewbox=\"0 0 512 512\" xmlns=\"http:\/\/www.w3.org\/2000\/svg\"><path d=\"M459.37 151.716c.325 4.548.325 9.097.325 13.645 0 138.72-105.583 298.558-298.558 298.558-59.452 0-114.68-17.219-161.137-47.106 8.447.974 16.568 1.299 25.34 1.299 49.055 0 94.213-16.568 130.274-44.832-46.132-.975-84.792-31.188-98.112-72.772 6.498.974 12.995 1.624 19.818 1.624 9.421 0 18.843-1.3 27.614-3.573-48.081-9.747-84.143-51.98-84.143-102.985v-1.299c13.969 7.797 30.214 12.67 47.431 13.319-28.264-18.843-46.781-51.005-46.781-87.391 0-19.492 5.197-37.36 14.294-52.954 51.655 63.675 129.3 105.258 216.365 109.807-1.624-7.797-2.599-15.918-2.599-24.04 0-57.828 46.782-104.934 104.934-104.934 30.213 0 57.502 12.67 76.67 33.137 23.715-4.548 46.456-13.32 66.599-25.34-7.798 24.366-24.366 44.833-46.132 57.827 21.117-2.273 41.584-8.122 60.426-16.243-14.292 20.791-32.161 39.308-52.628 54.253z\"><\/path><\/svg>\t\t\t\t\t<\/a>\n\t\t\t\t<\/span>\n\t\t\t\t\t<\/div>\n\t\t\t\t\t\t<\/div>\n\t\t\t\t<\/div>\n\t\t\t\t\t<\/div>\n\t\t\t\t<\/div>\n\t\t\t\t<\/div>\n\t\t<div class=\"elementor-element elementor-element-6ea9c28 e-grid e-con-boxed e-con e-parent\" data-id=\"6ea9c28\" data-element_type=\"container\" data-e-type=\"container\">\n\t\t\t\t\t<div class=\"e-con-inner\">\n\t\t<div class=\"elementor-element elementor-element-f88c157 e-con-full e-flex elementor-invisible e-con e-child\" data-id=\"f88c157\" data-element_type=\"container\" data-e-type=\"container\" data-settings=\"{&quot;animation&quot;:&quot;fadeInLeft&quot;}\">\n\t\t\t\t<div class=\"elementor-element elementor-element-c078d23 elementor-widget elementor-widget-video\" data-id=\"c078d23\" data-element_type=\"widget\" data-e-type=\"widget\" data-settings=\"{&quot;video_type&quot;:&quot;hosted&quot;,&quot;show_image_overlay&quot;:&quot;yes&quot;,&quot;image_overlay&quot;:{&quot;url&quot;:&quot;http:\\\/\\\/www.yushangwheel.com\\\/wp-content\\\/uploads\\\/2025\\\/04\\\/jianjie.jpg&quot;,&quot;id&quot;:4540,&quot;size&quot;:&quot;&quot;,&quot;alt&quot;:&quot;&quot;,&quot;source&quot;:&quot;library&quot;},&quot;controls&quot;:&quot;yes&quot;}\" data-widget_type=\"video.default\">\n\t\t\t\t<div class=\"elementor-widget-container\">\n\t\t\t\t\t\t\t<div class=\"e-hosted-video elementor-wrapper elementor-open-inline\">\n\t\t\t\t\t<video class=\"elementor-video\" src=\"http:\/\/www.yushangwheel.com\/wp-content\/uploads\/2025\/03\/yushang.mp4\" controls=\"\" preload=\"metadata\" controlslist=\"nodownload\"><\/video>\n\t\t\t\t\t\t<div class=\"elementor-custom-embed-image-overlay\" style=\"background-image: url(https:\/\/yushangwheel.com\/wp-content\/uploads\/2025\/04\/jianjie.jpg);\">\n\t\t\t\t\t\t\t\t\t\t\t\t\t\t\t\t<div class=\"elementor-custom-embed-play\" role=\"button\" aria-label=\"Reproducir v\u00eddeo\" tabindex=\"0\">\n\t\t\t\t\t\t\t<svg aria-hidden=\"true\" class=\"e-font-icon-svg e-eicon-play\" viewbox=\"0 0 1000 1000\" xmlns=\"http:\/\/www.w3.org\/2000\/svg\"><path d=\"M838 162C746 71 633 25 500 25 371 25 258 71 163 162 71 254 25 367 25 500 25 633 71 746 163 837 254 929 367 979 500 979 633 979 746 933 838 837 929 746 975 633 975 500 975 367 929 254 838 162M808 192C892 279 933 379 933 500 933 621 892 725 808 808 725 892 621 938 500 938 379 938 279 896 196 808 113 725 67 621 67 500 67 379 108 279 196 192 279 108 383 62 500 62 621 62 721 108 808 192M438 392V642L642 517 438 392Z\"><\/path><\/svg>\t\t\t\t\t\t<\/div>\n\t\t\t\t\t\t\t\t\t<\/div>\n\t\t\t\t\t<\/div>\n\t\t\t\t\t\t<\/div>\n\t\t\t\t<\/div>\n\t\t\t\t<\/div>\n\t\t<div class=\"elementor-element elementor-element-9158235 e-con-full e-flex elementor-invisible e-con e-child\" data-id=\"9158235\" data-element_type=\"container\" data-e-type=\"container\" data-settings=\"{&quot;animation&quot;:&quot;fadeInRight&quot;}\">\n\t\t\t\t<div class=\"elementor-element elementor-element-9b15a92 elementor-widget elementor-widget-text-editor\" data-id=\"9b15a92\" data-element_type=\"widget\" data-e-type=\"widget\" data-widget_type=\"text-editor.default\">\n\t\t\t\t<div class=\"elementor-widget-container\">\n\t\t\t\t\t\t\t\t\t<p>Shandong Yushang Automation Technology Co., Ltd. est\u00e1 situada en la cuna mundialmente conocida de la historia del \"Margen de Agua\" - Shuibo Liangshan, adyacente al Gran Canal de Pek\u00edn Hangzhou al este y al ferrocarril Beiing Kowloon al oeste. Es una zona de paso obligado para el tramo de la Carretera Nacional 220 de Jinan a Zhengzhou.<br \/>La empresa se fund\u00f3 en 2008, con un capital registrado de 15 millones de d\u00f3lares estadounidenses y una superficie de m\u00e1s de 200 acres. La inversi\u00f3n total es de 50 millones de d\u00f3lares estadounidenses, lo que equivale aproximadamente a 320 millones de yuanes. Se construir\u00e1 un total de 50000 metros cuadrados de \u00e1rea de planta de producci\u00f3n estandarizada, lt consta de tres departamentos: taller de producci\u00f3n, centro de investigaci\u00f3n y desarrollo, y la base experimental.Tenemos 3 l\u00edneas de producci\u00f3n de ruedas sin c\u00e1mara y 2 l\u00edneas de producci\u00f3n de ruedas de acero de perfil. La capacidad de producci\u00f3n anual ha alcanzado los 2 millones de juegos.<br \/>Durante muchos a\u00f1os, la empresa se ha adherido a la filosof\u00eda empresarial de \"supervivencia con calidad, desarrollo centrado en la calidad y la eficiencia\", se ha adherido a la pol\u00edtica de \"tanto connotaci\u00f3n como extensi\u00f3n, y tanto incremento como eficiencia\", ha explorado y progresado continuamente, y la escala de producci\u00f3n y los beneficios econ\u00f3micos han ido aumentando a\u00f1o tras a\u00f1o. La empresa tambi\u00e9n ha entrado en una v\u00eda de desarrollo saludable, sostenible y r\u00e1pido.<br \/>En la actualidad, la empresa cuenta con m\u00e1s de 30 profesionales de I+D, incluidos 8 ingenieros superiores y 15 ingenieros intermedios.lt tiene una gran capacidad de desarrollo de nuevos productos y puede desarrollar y personalizar productos para los clientes. En la actualidad, la empresa cuenta con m\u00faltiples patentes de invenci\u00f3n y sus productos han superado la certificaci\u00f3n del sistema de calidad IS016949, lo que garantiza la calidad de los productos.<\/p>\t\t\t\t\t\t\t\t<\/div>\n\t\t\t\t<\/div>\n\t\t\t\t<\/div>\n\t\t\t\t\t<\/div>\n\t\t\t\t<\/div>\n\t\t<div class=\"elementor-element elementor-element-5a829e5 e-flex e-con-boxed elementor-invisible e-con e-parent\" data-id=\"5a829e5\" data-element_type=\"container\" data-e-type=\"container\" data-settings=\"{&quot;animation&quot;:&quot;zoomIn&quot;}\">\n\t\t\t\t\t<div class=\"e-con-inner\">\n\t\t\t\t<div class=\"elementor-element elementor-element-2c21522 elementor-widget elementor-widget-ucaddon_uc_carousel_image\" data-id=\"2c21522\" data-element_type=\"widget\" data-e-type=\"widget\" data-widget_type=\"ucaddon_uc_carousel_image.default\">\n\t\t\t\t<div class=\"elementor-widget-container\">\n\t\t\t\t\t\n<!-- start Carousel Gallery -->\n\t\t<link id='unitegallery-css' href='https:\/\/yushangwheel.com\/wp-content\/plugins\/unlimited-elements-for-elementor-premium\/assets_libraries\/unitegallery\/css\/unite-gallery.css' type='text\/css' rel='stylesheet' >\n\n\n<div id=\"uc_uc_carousel_image_elementor_2c21522\" style=\"display:none;\" class=\"uc-items-wrapper\" data-custom-sethtml=\"true\" >\n\n\n<img decoding=\"async\" alt=\"\u5de5\u5382\u6548\u679c\"\n   src=\"https:\/\/yushangwheel.com\/wp-content\/uploads\/2025\/04\/\u5de5\u5382\u6548\u679c-768x432.jpg\"\n    data-image=\"https:\/\/yushangwheel.com\/wp-content\/uploads\/2025\/04\/\u5de5\u5382\u6548\u679c-1024x576.jpg\"\n    data-title=\"\u5de5\u5382\u6548\u679c\">\n\n<img decoding=\"async\" alt=\"\u516c\u53f8\u95e8\u53e3\"\n   src=\"https:\/\/yushangwheel.com\/wp-content\/uploads\/2025\/04\/\u516c\u53f8\u95e8\u53e3-768x432.jpg\"\n    data-image=\"https:\/\/yushangwheel.com\/wp-content\/uploads\/2025\/04\/\u516c\u53f8\u95e8\u53e3-1024x576.jpg\"\n    data-title=\"\u516c\u53f8\u95e8\u53e3\">\n\n<img decoding=\"async\" alt=\"\u4ea7\u54c1\"\n   src=\"https:\/\/yushangwheel.com\/wp-content\/uploads\/2025\/04\/\u4ea7\u54c1-768x432.jpg\"\n    data-image=\"https:\/\/yushangwheel.com\/wp-content\/uploads\/2025\/04\/\u4ea7\u54c1-1024x576.jpg\"\n    data-title=\"\u4ea7\u54c1\">\n\n<img decoding=\"async\" alt=\"\u8f66\u95f41\"\n   src=\"https:\/\/yushangwheel.com\/wp-content\/uploads\/2025\/04\/\u8f66\u95f41-768x432.jpg\"\n    data-image=\"https:\/\/yushangwheel.com\/wp-content\/uploads\/2025\/04\/\u8f66\u95f41-1024x576.jpg\"\n    data-title=\"\u8f66\u95f41\">\n\n<img decoding=\"async\" alt=\"\u4ea7\u54c1\u5c55\u793a\"\n   src=\"https:\/\/yushangwheel.com\/wp-content\/uploads\/2025\/04\/\u4ea7\u54c1\u5c55\u793a-768x432.jpg\"\n    data-image=\"https:\/\/yushangwheel.com\/wp-content\/uploads\/2025\/04\/\u4ea7\u54c1\u5c55\u793a-1024x576.jpg\"\n    data-title=\"\u4ea7\u54c1\u5c55\u793a\">\n\n<img decoding=\"async\" alt=\"\u751f\u4ea7\"\n   src=\"https:\/\/yushangwheel.com\/wp-content\/uploads\/2025\/04\/\u751f\u4ea7-768x432.jpg\"\n    data-image=\"https:\/\/yushangwheel.com\/wp-content\/uploads\/2025\/04\/\u751f\u4ea7-1024x576.jpg\"\n    data-title=\"\u751f\u4ea7\">\n\n<img decoding=\"async\" alt=\"\u5de5\u5382\u8f66\u95f4\"\n   src=\"https:\/\/yushangwheel.com\/wp-content\/uploads\/2025\/04\/\u5de5\u5382\u8f66\u95f4-768x432.jpg\"\n    data-image=\"https:\/\/yushangwheel.com\/wp-content\/uploads\/2025\/04\/\u5de5\u5382\u8f66\u95f4-1024x576.jpg\"\n    data-title=\"\u5de5\u5382\u8f66\u95f4\">\n\n  \n<\/div>\n<!-- end Carousel Gallery -->\t\t\t\t<\/div>\n\t\t\t\t<\/div>\n\t\t\t\t\t<\/div>\n\t\t\t\t<\/div>\n\t\t\t\t<\/div>","protected":false},"excerpt":{"rendered":"<p>Tiktok Whatsapp Youtube Facebook Twitter About US http:\/\/www.yushangwheel.com\/wp-content\/uploads\/2025\/03\/yushang.mp4 Shandong Yushang Automation Technology Co., Ltd. is located in the world-renowned birthplace of the story of &#8220;Water Margin&#8221; &#8211; Shuibo Liangshan, adjacent to the Beijing Hangzhou Grand Canal to the east and the Beiing Kowloon Railway to the west. lt is a must pass area for the [&hellip;]<\/p>","protected":false},"author":1,"featured_media":0,"parent":0,"menu_order":0,"comment_status":"closed","ping_status":"closed","template":"","meta":{"_uag_custom_page_level_css":"","site-sidebar-layout":"no-sidebar","site-content-layout":"page-builder","ast-site-content-layout":"full-width-container","site-content-style":"default","site-sidebar-style":"default","ast-global-header-display":"","ast-banner-title-visibility":"","ast-main-header-display":"","ast-hfb-above-header-display":"","ast-hfb-below-header-display":"","ast-hfb-mobile-header-display":"","site-post-title":"disabled","ast-breadcrumbs-content":"","ast-featured-img":"disabled","footer-sml-layout":"","theme-transparent-header-meta":"","adv-header-id-meta":"","stick-header-meta":"","header-above-stick-meta":"","header-main-stick-meta":"","header-below-stick-meta":"","astra-migrate-meta-layouts":"set","ast-page-background-enabled":"default","ast-page-background-meta":{"desktop":{"background-color":"var(--ast-global-color-4)","background-image":"","background-repeat":"repeat","background-position":"center center","background-size":"auto","background-attachment":"scroll","background-type":"","background-media":"","overlay-type":"","overlay-color":"","overlay-opacity":"","overlay-gradient":""},"tablet":{"background-color":"","background-image":"","background-repeat":"repeat","background-position":"center center","background-size":"auto","background-attachment":"scroll","background-type":"","background-media":"","overlay-type":"","overlay-color":"","overlay-opacity":"","overlay-gradient":""},"mobile":{"background-color":"","background-image":"","background-repeat":"repeat","background-position":"center center","background-size":"auto","background-attachment":"scroll","background-type":"","background-media":"","overlay-type":"","overlay-color":"","overlay-opacity":"","overlay-gradient":""}},"ast-content-background-meta":{"desktop":{"background-color":"var(--ast-global-color-5)","background-image":"","background-repeat":"repeat","background-position":"center center","background-size":"auto","background-attachment":"scroll","background-type":"","background-media":"","overlay-type":"","overlay-color":"","overlay-opacity":"","overlay-gradient":""},"tablet":{"background-color":"var(--ast-global-color-5)","background-image":"","background-repeat":"repeat","background-position":"center center","background-size":"auto","background-attachment":"scroll","background-type":"","background-media":"","overlay-type":"","overlay-color":"","overlay-opacity":"","overlay-gradient":""},"mobile":{"background-color":"var(--ast-global-color-5)","background-image":"","background-repeat":"repeat","background-position":"center center","background-size":"auto","background-attachment":"scroll","background-type":"","background-media":"","overlay-type":"","overlay-color":"","overlay-opacity":"","overlay-gradient":""}},"footnotes":""},"class_list":["post-2337","page","type-page","status-publish","hentry"],"uagb_featured_image_src":{"full":false,"thumbnail":false,"medium":false,"medium_large":false,"large":false,"1536x1536":false,"2048x2048":false,"trp-custom-language-flag":false,"woocommerce_thumbnail":false,"woocommerce_single":false,"woocommerce_gallery_thumbnail":false},"uagb_author_info":{"display_name":"jinxing6611@gmail.com","author_link":"https:\/\/yushangwheel.com\/es\/author\/jinxing6611gmail-com\/"},"uagb_comment_info":0,"uagb_excerpt":"Tiktok Whatsapp Youtube Facebook Twitter About US http:\/\/www.yushangwheel.com\/wp-content\/uploads\/2025\/03\/yushang.mp4 Shandong Yushang Automation Technology Co., Ltd. is located in the world-renowned birthplace of the story of &#8220;Water Margin&#8221; &#8211; Shuibo Liangshan, adjacent to the Beijing Hangzhou Grand Canal to the east and the Beiing Kowloon Railway to the west. lt is a must pass area for the&hellip;","_links":{"self":[{"href":"https:\/\/yushangwheel.com\/es\/wp-json\/wp\/v2\/pages\/2337","targetHints":{"allow":["GET"]}}],"collection":[{"href":"https:\/\/yushangwheel.com\/es\/wp-json\/wp\/v2\/pages"}],"about":[{"href":"https:\/\/yushangwheel.com\/es\/wp-json\/wp\/v2\/types\/page"}],"author":[{"embeddable":true,"href":"https:\/\/yushangwheel.com\/es\/wp-json\/wp\/v2\/users\/1"}],"replies":[{"embeddable":true,"href":"https:\/\/yushangwheel.com\/es\/wp-json\/wp\/v2\/comments?post=2337"}],"version-history":[{"count":64,"href":"https:\/\/yushangwheel.com\/es\/wp-json\/wp\/v2\/pages\/2337\/revisions"}],"predecessor-version":[{"id":5846,"href":"https:\/\/yushangwheel.com\/es\/wp-json\/wp\/v2\/pages\/2337\/revisions\/5846"}],"wp:attachment":[{"href":"https:\/\/yushangwheel.com\/es\/wp-json\/wp\/v2\/media?parent=2337"}],"curies":[{"name":"wp","href":"https:\/\/api.w.org\/{rel}","templated":true}]}}