{"id":2347,"date":"2025-03-24T23:28:08","date_gmt":"2025-03-24T23:28:08","guid":{"rendered":"https:\/\/www.yushangwheel.com\/?page_id=2347"},"modified":"2025-06-02T15:53:31","modified_gmt":"2025-06-02T15:53:31","slug":"wheel-testing-center","status":"publish","type":"page","link":"https:\/\/yushangwheel.com\/es\/wheel-testing-center\/","title":{"rendered":"Centro de ensayo de ruedas"},"content":{"rendered":"<div data-elementor-type=\"wp-page\" data-elementor-id=\"2347\" class=\"elementor elementor-2347\" data-elementor-post-type=\"page\">\n\t\t\t\t<div class=\"elementor-element elementor-element-ffd4323 e-con-full e-flex e-con e-parent\" data-id=\"ffd4323\" data-element_type=\"container\" data-e-type=\"container\">\n\t\t\t\t<div class=\"elementor-element elementor-element-5a1d12f elementor-widget elementor-widget-image\" data-id=\"5a1d12f\" data-element_type=\"widget\" data-e-type=\"widget\" data-widget_type=\"image.default\">\n\t\t\t\t<div class=\"elementor-widget-container\">\n\t\t\t\t\t\t\t\t\t\t\t\t\t\t\t<img decoding=\"async\" src=\"http:\/\/www.yushangwheel.com\/wp-content\/uploads\/2025\/06\/aboutb.jpg\" title=\"\" alt=\"\" loading=\"lazy\" \/>\t\t\t\t\t\t\t\t\t\t\t\t\t\t\t<\/div>\n\t\t\t\t<\/div>\n\t\t<div class=\"elementor-element elementor-element-5a12918 e-flex e-con-boxed e-con e-child\" data-id=\"5a12918\" data-element_type=\"container\" data-e-type=\"container\" data-settings=\"{&quot;position&quot;:&quot;absolute&quot;}\">\n\t\t\t\t\t<div class=\"e-con-inner\">\n\t\t\t\t<div class=\"elementor-element elementor-element-a49da99 e-grid-align-left elementor-shape-rounded elementor-grid-0 elementor-widget elementor-widget-social-icons\" data-id=\"a49da99\" data-element_type=\"widget\" data-e-type=\"widget\" data-widget_type=\"social-icons.default\">\n\t\t\t\t<div class=\"elementor-widget-container\">\n\t\t\t\t\t\t\t<div class=\"elementor-social-icons-wrapper elementor-grid\" role=\"list\">\n\t\t\t\t\t\t\t<span class=\"elementor-grid-item\" role=\"listitem\">\n\t\t\t\t\t<a class=\"elementor-icon elementor-social-icon elementor-social-icon-tiktok elementor-repeater-item-f127638\" href=\"https:\/\/www.tiktok.com\/\" target=\"_blank\">\n\t\t\t\t\t\t<span class=\"elementor-screen-only\">Tiktok<\/span>\n\t\t\t\t\t\t<svg aria-hidden=\"true\" class=\"e-font-icon-svg e-fab-tiktok\" viewbox=\"0 0 448 512\" xmlns=\"http:\/\/www.w3.org\/2000\/svg\"><path d=\"M448,209.91a210.06,210.06,0,0,1-122.77-39.25V349.38A162.55,162.55,0,1,1,185,188.31V278.2a74.62,74.62,0,1,0,52.23,71.18V0l88,0a121.18,121.18,0,0,0,1.86,22.17h0A122.18,122.18,0,0,0,381,102.39a121.43,121.43,0,0,0,67,20.14Z\"><\/path><\/svg>\t\t\t\t\t<\/a>\n\t\t\t\t<\/span>\n\t\t\t\t\t\t\t<span class=\"elementor-grid-item\" role=\"listitem\">\n\t\t\t\t\t<a class=\"elementor-icon elementor-social-icon elementor-social-icon-whatsapp elementor-repeater-item-b669643\" href=\"https:\/\/api.whatsapp.com\/send?phone=\" target=\"_blank\">\n\t\t\t\t\t\t<span class=\"elementor-screen-only\">Whatsapp<\/span>\n\t\t\t\t\t\t<svg aria-hidden=\"true\" class=\"e-font-icon-svg e-fab-whatsapp\" viewbox=\"0 0 448 512\" xmlns=\"http:\/\/www.w3.org\/2000\/svg\"><path d=\"M380.9 97.1C339 55.1 283.2 32 223.9 32c-122.4 0-222 99.6-222 222 0 39.1 10.2 77.3 29.6 111L0 480l117.7-30.9c32.4 17.7 68.9 27 106.1 27h.1c122.3 0 224.1-99.6 224.1-222 0-59.3-25.2-115-67.1-157zm-157 341.6c-33.2 0-65.7-8.9-94-25.7l-6.7-4-69.8 18.3L72 359.2l-4.4-7c-18.5-29.4-28.2-63.3-28.2-98.2 0-101.7 82.8-184.5 184.6-184.5 49.3 0 95.6 19.2 130.4 54.1 34.8 34.9 56.2 81.2 56.1 130.5 0 101.8-84.9 184.6-186.6 184.6zm101.2-138.2c-5.5-2.8-32.8-16.2-37.9-18-5.1-1.9-8.8-2.8-12.5 2.8-3.7 5.6-14.3 18-17.6 21.8-3.2 3.7-6.5 4.2-12 1.4-32.6-16.3-54-29.1-75.5-66-5.7-9.8 5.7-9.1 16.3-30.3 1.8-3.7.9-6.9-.5-9.7-1.4-2.8-12.5-30.1-17.1-41.2-4.5-10.8-9.1-9.3-12.5-9.5-3.2-.2-6.9-.2-10.6-.2-3.7 0-9.7 1.4-14.8 6.9-5.1 5.6-19.4 19-19.4 46.3 0 27.3 19.9 53.7 22.6 57.4 2.8 3.7 39.1 59.7 94.8 83.8 35.2 15.2 49 16.5 66.6 13.9 10.7-1.6 32.8-13.4 37.4-26.4 4.6-13 4.6-24.1 3.2-26.4-1.3-2.5-5-3.9-10.5-6.6z\"><\/path><\/svg>\t\t\t\t\t<\/a>\n\t\t\t\t<\/span>\n\t\t\t\t\t\t\t<span class=\"elementor-grid-item\" role=\"listitem\">\n\t\t\t\t\t<a class=\"elementor-icon elementor-social-icon elementor-social-icon-youtube elementor-repeater-item-f2830d8\" href=\"https:\/\/www.youtube.com\/\" target=\"_blank\">\n\t\t\t\t\t\t<span class=\"elementor-screen-only\">Youtube<\/span>\n\t\t\t\t\t\t<svg aria-hidden=\"true\" class=\"e-font-icon-svg e-fab-youtube\" viewbox=\"0 0 576 512\" xmlns=\"http:\/\/www.w3.org\/2000\/svg\"><path d=\"M549.655 124.083c-6.281-23.65-24.787-42.276-48.284-48.597C458.781 64 288 64 288 64S117.22 64 74.629 75.486c-23.497 6.322-42.003 24.947-48.284 48.597-11.412 42.867-11.412 132.305-11.412 132.305s0 89.438 11.412 132.305c6.281 23.65 24.787 41.5 48.284 47.821C117.22 448 288 448 288 448s170.78 0 213.371-11.486c23.497-6.321 42.003-24.171 48.284-47.821 11.412-42.867 11.412-132.305 11.412-132.305s0-89.438-11.412-132.305zm-317.51 213.508V175.185l142.739 81.205-142.739 81.201z\"><\/path><\/svg>\t\t\t\t\t<\/a>\n\t\t\t\t<\/span>\n\t\t\t\t\t\t\t<span class=\"elementor-grid-item\" role=\"listitem\">\n\t\t\t\t\t<a class=\"elementor-icon elementor-social-icon elementor-social-icon-facebook elementor-repeater-item-e62793a\" href=\"https:\/\/www.facebook.com\/\" target=\"_blank\">\n\t\t\t\t\t\t<span class=\"elementor-screen-only\">Facebook<\/span>\n\t\t\t\t\t\t<svg aria-hidden=\"true\" class=\"e-font-icon-svg e-fab-facebook\" viewbox=\"0 0 512 512\" xmlns=\"http:\/\/www.w3.org\/2000\/svg\"><path d=\"M504 256C504 119 393 8 256 8S8 119 8 256c0 123.78 90.69 226.38 209.25 245V327.69h-63V256h63v-54.64c0-62.15 37-96.48 93.67-96.48 27.14 0 55.52 4.84 55.52 4.84v61h-31.28c-30.8 0-40.41 19.12-40.41 38.73V256h68.78l-11 71.69h-57.78V501C413.31 482.38 504 379.78 504 256z\"><\/path><\/svg>\t\t\t\t\t<\/a>\n\t\t\t\t<\/span>\n\t\t\t\t\t\t\t<span class=\"elementor-grid-item\" role=\"listitem\">\n\t\t\t\t\t<a class=\"elementor-icon elementor-social-icon elementor-social-icon-twitter elementor-repeater-item-fa796bf\" href=\"https:\/\/x.com\/\" target=\"_blank\">\n\t\t\t\t\t\t<span class=\"elementor-screen-only\">Twitter<\/span>\n\t\t\t\t\t\t<svg aria-hidden=\"true\" class=\"e-font-icon-svg e-fab-twitter\" viewbox=\"0 0 512 512\" xmlns=\"http:\/\/www.w3.org\/2000\/svg\"><path d=\"M459.37 151.716c.325 4.548.325 9.097.325 13.645 0 138.72-105.583 298.558-298.558 298.558-59.452 0-114.68-17.219-161.137-47.106 8.447.974 16.568 1.299 25.34 1.299 49.055 0 94.213-16.568 130.274-44.832-46.132-.975-84.792-31.188-98.112-72.772 6.498.974 12.995 1.624 19.818 1.624 9.421 0 18.843-1.3 27.614-3.573-48.081-9.747-84.143-51.98-84.143-102.985v-1.299c13.969 7.797 30.214 12.67 47.431 13.319-28.264-18.843-46.781-51.005-46.781-87.391 0-19.492 5.197-37.36 14.294-52.954 51.655 63.675 129.3 105.258 216.365 109.807-1.624-7.797-2.599-15.918-2.599-24.04 0-57.828 46.782-104.934 104.934-104.934 30.213 0 57.502 12.67 76.67 33.137 23.715-4.548 46.456-13.32 66.599-25.34-7.798 24.366-24.366 44.833-46.132 57.827 21.117-2.273 41.584-8.122 60.426-16.243-14.292 20.791-32.161 39.308-52.628 54.253z\"><\/path><\/svg>\t\t\t\t\t<\/a>\n\t\t\t\t<\/span>\n\t\t\t\t\t<\/div>\n\t\t\t\t\t\t<\/div>\n\t\t\t\t<\/div>\n\t\t\t\t\t<\/div>\n\t\t\t\t<\/div>\n\t\t\t\t<\/div>\n\t\t<div class=\"elementor-element elementor-element-4ab1c57 e-flex e-con-boxed e-con e-parent\" data-id=\"4ab1c57\" data-element_type=\"container\" data-e-type=\"container\" data-settings=\"{&quot;background_background&quot;:&quot;classic&quot;}\">\n\t\t\t\t\t<div class=\"e-con-inner\">\n\t\t<div class=\"elementor-element elementor-element-eee6831 e-grid e-con-full e-con e-child\" data-id=\"eee6831\" data-element_type=\"container\" data-e-type=\"container\">\n\t\t\t\t<div class=\"elementor-element elementor-element-d7f556e elementor-widget elementor-widget-ucaddon_square_icon_box\" data-id=\"d7f556e\" data-element_type=\"widget\" data-e-type=\"widget\" data-widget_type=\"ucaddon_square_icon_box.default\">\n\t\t\t\t<div class=\"elementor-widget-container\">\n\t\t\t\t\t\n<!-- start Icon Box -->\n\t\t<link id='font-awesome-css' href='https:\/\/yushangwheel.com\/wp-content\/plugins\/unlimited-elements-for-elementor-premium\/assets_libraries\/font-awesome6\/fontawesome-all.min.css' type='text\/css' rel='stylesheet' >\n\t\t<link id='font-awesome-4-shim-css' href='https:\/\/yushangwheel.com\/wp-content\/plugins\/unlimited-elements-for-elementor-premium\/assets_libraries\/font-awesome6\/fontawesome-v4-shims.min.css' type='text\/css' rel='stylesheet' >\n\n<style>\/* widget: Icon Box *\/\n\n#uc_square_icon_box_elementor_d7f556e * { \n\tbox-sizing: border-box; \n}\n\n#uc_square_icon_box_elementor_d7f556e{\n\tfont-family: inherit;\n    transition:0.3s;\n    position:relative;\n}\n\n#uc_square_icon_box_elementor_d7f556e .blox-boxed-small-square-icon-box-icon{\n\t\n\tposition:relative;\n    display:flex;\n    justify-content:center;\n    align-items:center;\n    transform:rotate(0deg);\n    z-index:2;\n}\n#uc_square_icon_box_elementor_d7f556e .ue-icon {\n  display:inline-block;\n}\n#uc_square_icon_box_elementor_d7f556e .blox-boxed-small-square-icon-box-icon > div{\n\t\n\tposition:relative;\n    display:flex;\n    justify-content:center;\n    align-items:center;\n    transform:rotate(-0deg);\n}\n#uc_square_icon_box_elementor_d7f556e .ue-icon-inner{\n    line-height:1em;\n\t} \t\n\n\n#uc_square_icon_box_elementor_d7f556e .ue-icon-inner svg{\n    height:1em;\n    width:1em;\n\t} \t\n\t\n.blox-boxed-small-square-icon-box-heading{\n\tfont-size:21px;\n\t}\n\n\n#uc_square_icon_box_elementor_d7f556e:hover\n{\n  position:relative;\n  z-index:1;\n}\n\n\n#uc_square_icon_box_elementor_d7f556e .ue_box_button\n{\n  text-align:center;\n  text-decoration:none;\n  display:inline-block;\n  transition:0.3s;\n}\n\n\n#uc_square_icon_box_elementor_d7f556e span.line\n{\n  display:block;\n  position:absolute;\n  top:0;\n  left:0;\n  width:0px;\n  transition:0.3s;\n}\n\n#uc_square_icon_box_elementor_d7f556e:hover span.line\n{\n  width:100%;\n}\n\n#uc_square_icon_box_elementor_d7f556e .ue-title-separator span\n{\n  display:inline-block;\n  transition:0.3s;\n}\n\n\n\n\n\n<\/style>\n\n<div class=\"square_icon_box\" id=\"uc_square_icon_box_elementor_d7f556e\">\n  \n  \t\t  \n  \n         \n  \t\t        <div class=\"blox-boxed-small-square-icon-box-heading\">\n        \tCentro de inspecci\u00f3n de ruedas\n        <\/div>\n          \n  \t\t             <div class=\"ue-title-separator\">\n               <span><\/span>\n             <\/div>\n          \n  \n                <div class=\"blox-boxed-small-square-icon-box-content\">\n        \t<p>El centro de pruebas de Yushang es un centro de pruebas de ruedas operado de acuerdo con el sistema de gesti\u00f3n de laboratorio 17025. El centro cuenta con instrumentos de prueba como la m\u00e1quina de prueba de fatiga radial de ruedas, la m\u00e1quina de prueba de fatiga por flexi\u00f3n de ruedas, el analizador de materiales met\u00e1licos, la m\u00e1quina de prueba de rendimiento de materiales, la m\u00e1quina de medici\u00f3n de tres coordenadas, etc., y tiene la capacidad de detectar y experimentar el rendimiento, el tama\u00f1o, la apariencia y otros indicadores t\u00e9cnicos de los componentes de las ruedas....<\/p>\n        <\/div>\n          \n  \t\t        \n          \n  \t\t  \n<\/div>\n<!-- end Icon Box -->\t\t\t\t<\/div>\n\t\t\t\t<\/div>\n\t\t\t\t<div class=\"elementor-element elementor-element-b8a5ba4 elementor-widget elementor-widget-image\" data-id=\"b8a5ba4\" data-element_type=\"widget\" data-e-type=\"widget\" data-widget_type=\"image.default\">\n\t\t\t\t<div class=\"elementor-widget-container\">\n\t\t\t\t\t\t\t\t\t\t\t\t\t\t\t<img fetchpriority=\"high\" decoding=\"async\" width=\"800\" height=\"440\" src=\"https:\/\/yushangwheel.com\/wp-content\/uploads\/2025\/04\/inspection.jpg\" class=\"attachment-full size-full wp-image-5043\" alt=\"\" srcset=\"https:\/\/yushangwheel.com\/wp-content\/uploads\/2025\/04\/inspection.jpg 800w, https:\/\/yushangwheel.com\/wp-content\/uploads\/2025\/04\/inspection-300x165.jpg 300w, https:\/\/yushangwheel.com\/wp-content\/uploads\/2025\/04\/inspection-768x422.jpg 768w, https:\/\/yushangwheel.com\/wp-content\/uploads\/2025\/04\/inspection-18x10.jpg 18w, https:\/\/yushangwheel.com\/wp-content\/uploads\/2025\/04\/inspection-600x330.jpg 600w\" sizes=\"(max-width: 800px) 100vw, 800px\" \/>\t\t\t\t\t\t\t\t\t\t\t\t\t\t\t<\/div>\n\t\t\t\t<\/div>\n\t\t\t\t<\/div>\n\t\t<div class=\"elementor-element elementor-element-e733897 e-grid e-con-full e-con e-child\" data-id=\"e733897\" data-element_type=\"container\" data-e-type=\"container\">\n\t\t\t\t<div class=\"elementor-element elementor-element-2359801 elementor-position-top elementor-widget elementor-widget-image-box\" data-id=\"2359801\" data-element_type=\"widget\" data-e-type=\"widget\" data-widget_type=\"image-box.default\">\n\t\t\t\t<div class=\"elementor-widget-container\">\n\t\t\t\t\t<div class=\"elementor-image-box-wrapper\"><figure class=\"elementor-image-box-img\"><img decoding=\"async\" width=\"500\" height=\"328\" src=\"https:\/\/yushangwheel.com\/wp-content\/uploads\/2025\/04\/Three-coordinates-1.jpg\" class=\"attachment-full size-full wp-image-5054\" alt=\"\" srcset=\"https:\/\/yushangwheel.com\/wp-content\/uploads\/2025\/04\/Three-coordinates-1.jpg 500w, https:\/\/yushangwheel.com\/wp-content\/uploads\/2025\/04\/Three-coordinates-1-300x197.jpg 300w, https:\/\/yushangwheel.com\/wp-content\/uploads\/2025\/04\/Three-coordinates-1-18x12.jpg 18w\" sizes=\"(max-width: 500px) 100vw, 500px\" \/><\/figure><div class=\"elementor-image-box-content\"><p class=\"elementor-image-box-description\">Tres coordenadas 1\n\n<\/p><\/div><\/div>\t\t\t\t<\/div>\n\t\t\t\t<\/div>\n\t\t\t\t<div class=\"elementor-element elementor-element-14db188 elementor-position-top elementor-widget elementor-widget-image-box\" data-id=\"14db188\" data-element_type=\"widget\" data-e-type=\"widget\" data-widget_type=\"image-box.default\">\n\t\t\t\t<div class=\"elementor-widget-container\">\n\t\t\t\t\t<div class=\"elementor-image-box-wrapper\"><figure class=\"elementor-image-box-img\"><img decoding=\"async\" width=\"500\" height=\"328\" src=\"https:\/\/yushangwheel.com\/wp-content\/uploads\/2025\/04\/Three-coordinates-2.jpg\" class=\"attachment-full size-full wp-image-5058\" alt=\"\" srcset=\"https:\/\/yushangwheel.com\/wp-content\/uploads\/2025\/04\/Three-coordinates-2.jpg 500w, https:\/\/yushangwheel.com\/wp-content\/uploads\/2025\/04\/Three-coordinates-2-300x197.jpg 300w, https:\/\/yushangwheel.com\/wp-content\/uploads\/2025\/04\/Three-coordinates-2-18x12.jpg 18w\" sizes=\"(max-width: 500px) 100vw, 500px\" \/><\/figure><div class=\"elementor-image-box-content\"><p class=\"elementor-image-box-description\">Tres coordenadas 2\n\n<\/p><\/div><\/div>\t\t\t\t<\/div>\n\t\t\t\t<\/div>\n\t\t\t\t<div class=\"elementor-element elementor-element-9544475 elementor-position-top elementor-widget elementor-widget-image-box\" data-id=\"9544475\" data-element_type=\"widget\" data-e-type=\"widget\" data-widget_type=\"image-box.default\">\n\t\t\t\t<div class=\"elementor-widget-container\">\n\t\t\t\t\t<div class=\"elementor-image-box-wrapper\"><figure class=\"elementor-image-box-img\"><img loading=\"lazy\" decoding=\"async\" width=\"500\" height=\"328\" src=\"https:\/\/yushangwheel.com\/wp-content\/uploads\/2025\/04\/Salt-spray-test-chamber.jpg\" class=\"attachment-full size-full wp-image-5065\" alt=\"\" srcset=\"https:\/\/yushangwheel.com\/wp-content\/uploads\/2025\/04\/Salt-spray-test-chamber.jpg 500w, https:\/\/yushangwheel.com\/wp-content\/uploads\/2025\/04\/Salt-spray-test-chamber-300x197.jpg 300w, https:\/\/yushangwheel.com\/wp-content\/uploads\/2025\/04\/Salt-spray-test-chamber-18x12.jpg 18w\" sizes=\"(max-width: 500px) 100vw, 500px\" \/><\/figure><div class=\"elementor-image-box-content\"><p class=\"elementor-image-box-description\">C\u00e1mara de pruebas de niebla salina\n\n<\/p><\/div><\/div>\t\t\t\t<\/div>\n\t\t\t\t<\/div>\n\t\t\t\t<div class=\"elementor-element elementor-element-493a0c2 elementor-position-top elementor-widget elementor-widget-image-box\" data-id=\"493a0c2\" data-element_type=\"widget\" data-e-type=\"widget\" data-widget_type=\"image-box.default\">\n\t\t\t\t<div class=\"elementor-widget-container\">\n\t\t\t\t\t<div class=\"elementor-image-box-wrapper\"><figure class=\"elementor-image-box-img\"><img loading=\"lazy\" decoding=\"async\" width=\"500\" height=\"328\" src=\"https:\/\/yushangwheel.com\/wp-content\/uploads\/2025\/04\/Ultraviolet-aging-tester.jpg\" class=\"attachment-full size-full wp-image-5069\" alt=\"\" srcset=\"https:\/\/yushangwheel.com\/wp-content\/uploads\/2025\/04\/Ultraviolet-aging-tester.jpg 500w, https:\/\/yushangwheel.com\/wp-content\/uploads\/2025\/04\/Ultraviolet-aging-tester-300x197.jpg 300w, https:\/\/yushangwheel.com\/wp-content\/uploads\/2025\/04\/Ultraviolet-aging-tester-18x12.jpg 18w\" sizes=\"(max-width: 500px) 100vw, 500px\" \/><\/figure><div class=\"elementor-image-box-content\"><p class=\"elementor-image-box-description\">Envejecimiento por rayos ultravioleta\n\n<\/p><\/div><\/div>\t\t\t\t<\/div>\n\t\t\t\t<\/div>\n\t\t\t\t<div class=\"elementor-element elementor-element-ffa553e elementor-position-top elementor-widget elementor-widget-image-box\" data-id=\"ffa553e\" data-element_type=\"widget\" data-e-type=\"widget\" data-widget_type=\"image-box.default\">\n\t\t\t\t<div class=\"elementor-widget-container\">\n\t\t\t\t\t<div class=\"elementor-image-box-wrapper\"><figure class=\"elementor-image-box-img\"><img loading=\"lazy\" decoding=\"async\" width=\"500\" height=\"328\" src=\"https:\/\/yushangwheel.com\/wp-content\/uploads\/2025\/04\/machining-center.jpg\" class=\"attachment-full size-full wp-image-5070\" alt=\"\" srcset=\"https:\/\/yushangwheel.com\/wp-content\/uploads\/2025\/04\/machining-center.jpg 500w, https:\/\/yushangwheel.com\/wp-content\/uploads\/2025\/04\/machining-center-300x197.jpg 300w, https:\/\/yushangwheel.com\/wp-content\/uploads\/2025\/04\/machining-center-18x12.jpg 18w\" sizes=\"(max-width: 500px) 100vw, 500px\" \/><\/figure><div class=\"elementor-image-box-content\"><p class=\"elementor-image-box-description\">centro de mecanizado\n\n<\/p><\/div><\/div>\t\t\t\t<\/div>\n\t\t\t\t<\/div>\n\t\t\t\t<div class=\"elementor-element elementor-element-9b0faf5 elementor-position-top elementor-widget elementor-widget-image-box\" data-id=\"9b0faf5\" data-element_type=\"widget\" data-e-type=\"widget\" data-widget_type=\"image-box.default\">\n\t\t\t\t<div class=\"elementor-widget-container\">\n\t\t\t\t\t<div class=\"elementor-image-box-wrapper\"><figure class=\"elementor-image-box-img\"><img loading=\"lazy\" decoding=\"async\" width=\"500\" height=\"328\" src=\"https:\/\/yushangwheel.com\/wp-content\/uploads\/2025\/04\/Tensile-testing-machine.jpg\" class=\"attachment-full size-full wp-image-5071\" alt=\"\" srcset=\"https:\/\/yushangwheel.com\/wp-content\/uploads\/2025\/04\/Tensile-testing-machine.jpg 500w, https:\/\/yushangwheel.com\/wp-content\/uploads\/2025\/04\/Tensile-testing-machine-300x197.jpg 300w, https:\/\/yushangwheel.com\/wp-content\/uploads\/2025\/04\/Tensile-testing-machine-18x12.jpg 18w\" sizes=\"(max-width: 500px) 100vw, 500px\" \/><\/figure><div class=\"elementor-image-box-content\"><p class=\"elementor-image-box-description\">M\u00e1quina de ensayos de tracci\u00f3n\n\n<\/p><\/div><\/div>\t\t\t\t<\/div>\n\t\t\t\t<\/div>\n\t\t\t\t<\/div>\n\t\t\t\t\t<\/div>\n\t\t\t\t<\/div>\n\t\t\t\t<\/div>","protected":false},"excerpt":{"rendered":"<p>Tiktok Whatsapp Youtube Facebook Twitter Wheel Inspection Center The testing center of Yushang is a wheel testing center operated in accordance with the 17025 laboratory management system. The center has testing instruments such as wheel radial fatigue testing machine, wheel bending fatigue testing machine, metal material analyzer, material performance testing machine, three-coordinate measuring machine, etc., [&hellip;]<\/p>","protected":false},"author":1,"featured_media":0,"parent":0,"menu_order":0,"comment_status":"closed","ping_status":"closed","template":"","meta":{"_uag_custom_page_level_css":"","site-sidebar-layout":"no-sidebar","site-content-layout":"page-builder","ast-site-content-layout":"full-width-container","site-content-style":"default","site-sidebar-style":"default","ast-global-header-display":"","ast-banner-title-visibility":"","ast-main-header-display":"","ast-hfb-above-header-display":"","ast-hfb-below-header-display":"","ast-hfb-mobile-header-display":"","site-post-title":"disabled","ast-breadcrumbs-content":"","ast-featured-img":"disabled","footer-sml-layout":"","theme-transparent-header-meta":"","adv-header-id-meta":"","stick-header-meta":"","header-above-stick-meta":"","header-main-stick-meta":"","header-below-stick-meta":"","astra-migrate-meta-layouts":"set","ast-page-background-enabled":"default","ast-page-background-meta":{"desktop":{"background-color":"var(--ast-global-color-4)","background-image":"","background-repeat":"repeat","background-position":"center center","background-size":"auto","background-attachment":"scroll","background-type":"","background-media":"","overlay-type":"","overlay-color":"","overlay-opacity":"","overlay-gradient":""},"tablet":{"background-color":"","background-image":"","background-repeat":"repeat","background-position":"center center","background-size":"auto","background-attachment":"scroll","background-type":"","background-media":"","overlay-type":"","overlay-color":"","overlay-opacity":"","overlay-gradient":""},"mobile":{"background-color":"","background-image":"","background-repeat":"repeat","background-position":"center center","background-size":"auto","background-attachment":"scroll","background-type":"","background-media":"","overlay-type":"","overlay-color":"","overlay-opacity":"","overlay-gradient":""}},"ast-content-background-meta":{"desktop":{"background-color":"var(--ast-global-color-5)","background-image":"","background-repeat":"repeat","background-position":"center center","background-size":"auto","background-attachment":"scroll","background-type":"","background-media":"","overlay-type":"","overlay-color":"","overlay-opacity":"","overlay-gradient":""},"tablet":{"background-color":"var(--ast-global-color-5)","background-image":"","background-repeat":"repeat","background-position":"center center","background-size":"auto","background-attachment":"scroll","background-type":"","background-media":"","overlay-type":"","overlay-color":"","overlay-opacity":"","overlay-gradient":""},"mobile":{"background-color":"var(--ast-global-color-5)","background-image":"","background-repeat":"repeat","background-position":"center center","background-size":"auto","background-attachment":"scroll","background-type":"","background-media":"","overlay-type":"","overlay-color":"","overlay-opacity":"","overlay-gradient":""}},"footnotes":""},"class_list":["post-2347","page","type-page","status-publish","hentry"],"uagb_featured_image_src":{"full":false,"thumbnail":false,"medium":false,"medium_large":false,"large":false,"1536x1536":false,"2048x2048":false,"trp-custom-language-flag":false,"woocommerce_thumbnail":false,"woocommerce_single":false,"woocommerce_gallery_thumbnail":false},"uagb_author_info":{"display_name":"jinxing6611@gmail.com","author_link":"https:\/\/yushangwheel.com\/es\/author\/jinxing6611gmail-com\/"},"uagb_comment_info":0,"uagb_excerpt":"Tiktok Whatsapp Youtube Facebook Twitter Wheel Inspection Center The testing center of Yushang is a wheel testing center operated in accordance with the 17025 laboratory management system. The center has testing instruments such as wheel radial fatigue testing machine, wheel bending fatigue testing machine, metal material analyzer, material performance testing machine, three-coordinate measuring machine, etc.,&hellip;","_links":{"self":[{"href":"https:\/\/yushangwheel.com\/es\/wp-json\/wp\/v2\/pages\/2347","targetHints":{"allow":["GET"]}}],"collection":[{"href":"https:\/\/yushangwheel.com\/es\/wp-json\/wp\/v2\/pages"}],"about":[{"href":"https:\/\/yushangwheel.com\/es\/wp-json\/wp\/v2\/types\/page"}],"author":[{"embeddable":true,"href":"https:\/\/yushangwheel.com\/es\/wp-json\/wp\/v2\/users\/1"}],"replies":[{"embeddable":true,"href":"https:\/\/yushangwheel.com\/es\/wp-json\/wp\/v2\/comments?post=2347"}],"version-history":[{"count":61,"href":"https:\/\/yushangwheel.com\/es\/wp-json\/wp\/v2\/pages\/2347\/revisions"}],"predecessor-version":[{"id":5849,"href":"https:\/\/yushangwheel.com\/es\/wp-json\/wp\/v2\/pages\/2347\/revisions\/5849"}],"wp:attachment":[{"href":"https:\/\/yushangwheel.com\/es\/wp-json\/wp\/v2\/media?parent=2347"}],"curies":[{"name":"wp","href":"https:\/\/api.w.org\/{rel}","templated":true}]}}