{"id":5278,"date":"2025-04-28T15:17:48","date_gmt":"2025-04-28T15:17:48","guid":{"rendered":"https:\/\/www.yushangwheel.com\/?post_type=product&#038;p=5278"},"modified":"2025-04-28T15:17:48","modified_gmt":"2025-04-28T15:17:48","slug":"22-5x9-00-5","status":"publish","type":"product","link":"https:\/\/yushangwheel.com\/es\/producto\/22-5x9-00-5\/","title":{"rendered":"22.5&#215;9.00"},"content":{"rendered":"<p>Rodamientos de rueda de coche en el pasado es la mayor\u00eda de los pares de rodillos c\u00f3nicos de una hilera o rodamientos de bolas. Con el desarrollo de la tecnolog\u00eda, las unidades de cubo de coche han sido ampliamente utilizados en los coches. El uso de unidades de rodamientos de cubo y el uso de cada vez mayor, se ha desarrollado a la tercera generaci\u00f3n: la primera generaci\u00f3n se compone de rodamientos de contacto angular de doble hilera. La segunda generaci\u00f3n tiene una brida en la pista de rodadura exterior para fijar el rodamiento, que puede fijarse simplemente en el eje con una tuerca. Facilita el mantenimiento del coche. La unidad de rodamiento de cubo de tercera generaci\u00f3n utiliza una unidad de rodamiento y un sistema antibloqueo de frenos. La unidad de cubo est\u00e1 dise\u00f1ada con una brida interior y una brida exterior, la brida interior se atornilla al eje de transmisi\u00f3n, y la brida exterior monta todo el cojinete junto. Los productos de la empresa son ruedas de acero sin c\u00e1mara para camiones ligeros y pesados, ruedas agr\u00edcolas y forestales sin c\u00e1mara, ruedas forjadas de aleaci\u00f3n de magnesio y aluminio para turismos. La empresa produce 4 millones de juegos de ruedas al a\u00f1o, y sus productos se venden en todo el mundo. Las exportaciones representan la proporci\u00f3n 50%, y las ventas nacionales la proporci\u00f3n 50%. Es un proveedor estrat\u00e9gico de FAW, Sinotruk, Foton y otros fabricantes de equipos originales. La marca de la empresa Bettel, los productos han pasado la certificaci\u00f3n IATF16949, la certificaci\u00f3n TUV Europea, la certificaci\u00f3n DOT de los Estados Unidos, la certificaci\u00f3n INMETRO de Brasil.<\/p>","protected":false},"excerpt":{"rendered":"<p>El cubo de la rueda es una pieza met\u00e1lica cil\u00edndrica, montada en el centro, que soporta el neum\u00e1tico. Tambi\u00e9n se denomina llanta, aro de acero, rueda, campana de neum\u00e1tico. Hay muchos tipos de ruedas seg\u00fan el di\u00e1metro, la anchura, el m\u00e9todo de moldeado y el material.<\/p>","protected":false},"featured_media":5279,"template":"","meta":{"_uag_custom_page_level_css":"","site-sidebar-layout":"default","site-content-layout":"","ast-site-content-layout":"default","site-content-style":"default","site-sidebar-style":"default","ast-global-header-display":"","ast-banner-title-visibility":"","ast-main-header-display":"","ast-hfb-above-header-display":"","ast-hfb-below-header-display":"","ast-hfb-mobile-header-display":"","site-post-title":"","ast-breadcrumbs-content":"","ast-featured-img":"","footer-sml-layout":"","theme-transparent-header-meta":"default","adv-header-id-meta":"","stick-header-meta":"default","header-above-stick-meta":"","header-main-stick-meta":"","header-below-stick-meta":"","astra-migrate-meta-layouts":"set","ast-page-background-enabled":"default","ast-page-background-meta":{"desktop":{"background-color":"var(--ast-global-color-4)","background-image":"","background-repeat":"repeat","background-position":"center center","background-size":"auto","background-attachment":"scroll","background-type":"","background-media":"","overlay-type":"","overlay-color":"","overlay-opacity":"","overlay-gradient":""},"tablet":{"background-color":"","background-image":"","background-repeat":"repeat","background-position":"center center","background-size":"auto","background-attachment":"scroll","background-type":"","background-media":"","overlay-type":"","overlay-color":"","overlay-opacity":"","overlay-gradient":""},"mobile":{"background-color":"","background-image":"","background-repeat":"repeat","background-position":"center center","background-size":"auto","background-attachment":"scroll","background-type":"","background-media":"","overlay-type":"","overlay-color":"","overlay-opacity":"","overlay-gradient":""}},"ast-content-background-meta":{"desktop":{"background-color":"var(--ast-global-color-5)","background-image":"","background-repeat":"repeat","background-position":"center center","background-size":"auto","background-attachment":"scroll","background-type":"","background-media":"","overlay-type":"","overlay-color":"","overlay-opacity":"","overlay-gradient":""},"tablet":{"background-color":"var(--ast-global-color-5)","background-image":"","background-repeat":"repeat","background-position":"center center","background-size":"auto","background-attachment":"scroll","background-type":"","background-media":"","overlay-type":"","overlay-color":"","overlay-opacity":"","overlay-gradient":""},"mobile":{"background-color":"var(--ast-global-color-5)","background-image":"","background-repeat":"repeat","background-position":"center center","background-size":"auto","background-attachment":"scroll","background-type":"","background-media":"","overlay-type":"","overlay-color":"","overlay-opacity":"","overlay-gradient":""}}},"product_brand":[],"product_cat":[20],"product_tag":[],"class_list":{"0":"post-5278","1":"product","2":"type-product","3":"status-publish","4":"has-post-thumbnail","6":"product_cat-tubeless","7":"desktop-align-center","8":"tablet-align-left","9":"mobile-align-left","10":"ast-product-gallery-layout-horizontal-slider","11":"ast-product-tabs-layout-horizontal","13":"first","14":"instock","15":"shipping-taxable","16":"product-type-simple"},"uagb_featured_image_src":{"full":["https:\/\/yushangwheel.com\/wp-content\/uploads\/2025\/04\/42259001.jpg",665,665,false],"thumbnail":["https:\/\/yushangwheel.com\/wp-content\/uploads\/2025\/04\/42259001-150x150.jpg",150,150,true],"medium":["https:\/\/yushangwheel.com\/wp-content\/uploads\/2025\/04\/42259001-300x300.jpg",300,300,true],"medium_large":["https:\/\/yushangwheel.com\/wp-content\/uploads\/2025\/04\/42259001.jpg",665,665,false],"large":["https:\/\/yushangwheel.com\/wp-content\/uploads\/2025\/04\/42259001.jpg",665,665,false],"1536x1536":["https:\/\/yushangwheel.com\/wp-content\/uploads\/2025\/04\/42259001.jpg",665,665,false],"2048x2048":["https:\/\/yushangwheel.com\/wp-content\/uploads\/2025\/04\/42259001.jpg",665,665,false],"trp-custom-language-flag":["https:\/\/yushangwheel.com\/wp-content\/uploads\/2025\/04\/42259001-12x12.jpg",12,12,true],"woocommerce_thumbnail":["https:\/\/yushangwheel.com\/wp-content\/uploads\/2025\/04\/42259001-300x300.jpg",300,300,true],"woocommerce_single":["https:\/\/yushangwheel.com\/wp-content\/uploads\/2025\/04\/42259001-600x600.jpg",600,600,true],"woocommerce_gallery_thumbnail":["https:\/\/yushangwheel.com\/wp-content\/uploads\/2025\/04\/42259001-100x100.jpg",100,100,true]},"uagb_author_info":{"display_name":"jinxing6611@gmail.com","author_link":"https:\/\/yushangwheel.com\/es\/author\/"},"uagb_comment_info":0,"uagb_excerpt":"The wheel hub is a cylindrical, centrally mounted metal part of the tire that supports the tire. Also called wheels, steel rings, wheels, tire bells. There are many kinds of wheels according to the diameter, width, molding method and material.","_links":{"self":[{"href":"https:\/\/yushangwheel.com\/es\/wp-json\/wp\/v2\/product\/5278","targetHints":{"allow":["GET"]}}],"collection":[{"href":"https:\/\/yushangwheel.com\/es\/wp-json\/wp\/v2\/product"}],"about":[{"href":"https:\/\/yushangwheel.com\/es\/wp-json\/wp\/v2\/types\/product"}],"wp:featuredmedia":[{"embeddable":true,"href":"https:\/\/yushangwheel.com\/es\/wp-json\/wp\/v2\/media\/5279"}],"wp:attachment":[{"href":"https:\/\/yushangwheel.com\/es\/wp-json\/wp\/v2\/media?parent=5278"}],"wp:term":[{"taxonomy":"product_brand","embeddable":true,"href":"https:\/\/yushangwheel.com\/es\/wp-json\/wp\/v2\/product_brand?post=5278"},{"taxonomy":"product_cat","embeddable":true,"href":"https:\/\/yushangwheel.com\/es\/wp-json\/wp\/v2\/product_cat?post=5278"},{"taxonomy":"product_tag","embeddable":true,"href":"https:\/\/yushangwheel.com\/es\/wp-json\/wp\/v2\/product_tag?post=5278"}],"curies":[{"name":"wp","href":"https:\/\/api.w.org\/{rel}","templated":true}]}}