{"id":5358,"date":"2025-04-28T17:08:23","date_gmt":"2025-04-28T17:08:23","guid":{"rendered":"https:\/\/www.yushangwheel.com\/?post_type=product&#038;p=5358"},"modified":"2025-04-28T17:08:23","modified_gmt":"2025-04-28T17:08:23","slug":"22-5x9-00-12","status":"publish","type":"product","link":"https:\/\/yushangwheel.com\/fi\/tuote\/22-5x9-00-12\/","title":{"rendered":"22.5X9.00"},"content":{"rendered":"<p>Auton py\u00f6r\u00e4n laakerit aiemmin on eniten paria yksirivisi\u00e4 kartiorullalaakereita tai kuulalaakereita. Teknologian kehittyess\u00e4 auton napayksik\u00f6it\u00e4 on k\u00e4ytetty laajalti autoissa. Navan laakeriyksik\u00f6iden k\u00e4ytt\u00f6 ja k\u00e4yt\u00f6n lis\u00e4\u00e4minen on kehittynyt kolmanteen sukupolveen: ensimm\u00e4inen sukupolvi koostuu kaksirivisist\u00e4 kulmalaakereista. Toisessa sukupolvessa laakerin kiinnitt\u00e4mist\u00e4 varten on ulommalla juoksuradalla laippa, joka voidaan yksinkertaisesti kiinnitt\u00e4\u00e4 akseliin mutterilla. Tekee auton huollosta helppoa. Kolmannen sukupolven navan laakeriyksik\u00f6ss\u00e4 k\u00e4ytet\u00e4\u00e4n laakeriyksikk\u00f6\u00e4 ja lukkiutumatonta jarruj\u00e4rjestelm\u00e4\u00e4. Napayksikk\u00f6 on suunniteltu sisemm\u00e4ll\u00e4 laipalla ja ulommalla laipalla, sisempi laippa kiinnitet\u00e4\u00e4n pultilla vetoakseliin, ja ulompi laippa kiinnitt\u00e4\u00e4 koko laakerin yhteen. Yrityksen tuotteita ovat ter\u00e4ksiset putkettomat kevyiden kuorma-autojen ja raskaiden kuorma-autojen py\u00f6r\u00e4t, maa- ja mets\u00e4talouden putkettomat py\u00f6r\u00e4t, taotut magnesium-alumiiniseosvanteet henkil\u00f6autoille. Yritys valmistaa vuosittain 4 miljoonaa py\u00f6r\u00e4sarjaa, ja sen tuotteita myyd\u00e4\u00e4n kaikkialla maailmassa. Viennin osuus on 50%, ja kotimarkkinamyynnin osuus on 50%. Se on FAW:n, Sinotrukin, Fotonin ja muiden alkuper\u00e4isten laitevalmistajien strateginen toimittaja. Yrityksen tuotemerkki Bettel, tuotteet ovat l\u00e4p\u00e4isseet IATF16949-sertifioinnin, eurooppalaisen TUV-sertifioinnin, Yhdysvaltojen DOT-sertifioinnin, Brasilian INMETRO-sertifioinnin.<\/p>","protected":false},"excerpt":{"rendered":"<p>Py\u00f6r\u00e4n napa on lieri\u00f6m\u00e4inen, keskelle asennettu renkaan metalliosa, joka tukee rengasta. Kutsutaan my\u00f6s nimell\u00e4 py\u00f6r\u00e4t, ter\u00e4srenkaat, py\u00f6r\u00e4t, rengaskellot. Py\u00f6ri\u00e4 on monenlaisia halkaisijan, leveyden, valumenetelm\u00e4n ja materiaalin mukaan.<\/p>","protected":false},"featured_media":5359,"template":"","meta":{"_uag_custom_page_level_css":"","site-sidebar-layout":"default","site-content-layout":"","ast-site-content-layout":"default","site-content-style":"default","site-sidebar-style":"default","ast-global-header-display":"","ast-banner-title-visibility":"","ast-main-header-display":"","ast-hfb-above-header-display":"","ast-hfb-below-header-display":"","ast-hfb-mobile-header-display":"","site-post-title":"","ast-breadcrumbs-content":"","ast-featured-img":"","footer-sml-layout":"","theme-transparent-header-meta":"default","adv-header-id-meta":"","stick-header-meta":"default","header-above-stick-meta":"","header-main-stick-meta":"","header-below-stick-meta":"","astra-migrate-meta-layouts":"set","ast-page-background-enabled":"default","ast-page-background-meta":{"desktop":{"background-color":"var(--ast-global-color-4)","background-image":"","background-repeat":"repeat","background-position":"center center","background-size":"auto","background-attachment":"scroll","background-type":"","background-media":"","overlay-type":"","overlay-color":"","overlay-opacity":"","overlay-gradient":""},"tablet":{"background-color":"","background-image":"","background-repeat":"repeat","background-position":"center center","background-size":"auto","background-attachment":"scroll","background-type":"","background-media":"","overlay-type":"","overlay-color":"","overlay-opacity":"","overlay-gradient":""},"mobile":{"background-color":"","background-image":"","background-repeat":"repeat","background-position":"center center","background-size":"auto","background-attachment":"scroll","background-type":"","background-media":"","overlay-type":"","overlay-color":"","overlay-opacity":"","overlay-gradient":""}},"ast-content-background-meta":{"desktop":{"background-color":"var(--ast-global-color-5)","background-image":"","background-repeat":"repeat","background-position":"center center","background-size":"auto","background-attachment":"scroll","background-type":"","background-media":"","overlay-type":"","overlay-color":"","overlay-opacity":"","overlay-gradient":""},"tablet":{"background-color":"var(--ast-global-color-5)","background-image":"","background-repeat":"repeat","background-position":"center center","background-size":"auto","background-attachment":"scroll","background-type":"","background-media":"","overlay-type":"","overlay-color":"","overlay-opacity":"","overlay-gradient":""},"mobile":{"background-color":"var(--ast-global-color-5)","background-image":"","background-repeat":"repeat","background-position":"center center","background-size":"auto","background-attachment":"scroll","background-type":"","background-media":"","overlay-type":"","overlay-color":"","overlay-opacity":"","overlay-gradient":""}}},"product_brand":[],"product_cat":[20],"product_tag":[],"class_list":{"0":"post-5358","1":"product","2":"type-product","3":"status-publish","4":"has-post-thumbnail","6":"product_cat-tubeless","7":"desktop-align-center","8":"tablet-align-left","9":"mobile-align-left","10":"ast-product-gallery-layout-horizontal-slider","11":"ast-product-gallery-with-no-image","12":"ast-product-tabs-layout-horizontal","14":"first","15":"instock","16":"shipping-taxable","17":"product-type-simple"},"uagb_featured_image_src":{"full":["https:\/\/yushangwheel.com\/wp-content\/uploads\/2025\/04\/c2259001.jpg",666,666,false],"thumbnail":["https:\/\/yushangwheel.com\/wp-content\/uploads\/2025\/04\/c2259001-150x150.jpg",150,150,true],"medium":["https:\/\/yushangwheel.com\/wp-content\/uploads\/2025\/04\/c2259001-300x300.jpg",300,300,true],"medium_large":["https:\/\/yushangwheel.com\/wp-content\/uploads\/2025\/04\/c2259001.jpg",666,666,false],"large":["https:\/\/yushangwheel.com\/wp-content\/uploads\/2025\/04\/c2259001.jpg",666,666,false],"1536x1536":["https:\/\/yushangwheel.com\/wp-content\/uploads\/2025\/04\/c2259001.jpg",666,666,false],"2048x2048":["https:\/\/yushangwheel.com\/wp-content\/uploads\/2025\/04\/c2259001.jpg",666,666,false],"trp-custom-language-flag":["https:\/\/yushangwheel.com\/wp-content\/uploads\/2025\/04\/c2259001-12x12.jpg",12,12,true],"woocommerce_thumbnail":["https:\/\/yushangwheel.com\/wp-content\/uploads\/2025\/04\/c2259001-300x300.jpg",300,300,true],"woocommerce_single":["https:\/\/yushangwheel.com\/wp-content\/uploads\/2025\/04\/c2259001-600x600.jpg",600,600,true],"woocommerce_gallery_thumbnail":["https:\/\/yushangwheel.com\/wp-content\/uploads\/2025\/04\/c2259001-100x100.jpg",100,100,true]},"uagb_author_info":{"display_name":"jinxing6611@gmail.com","author_link":"https:\/\/yushangwheel.com\/fi\/author\/"},"uagb_comment_info":0,"uagb_excerpt":"The wheel hub is a cylindrical, centrally mounted metal part of the tire that supports the tire. Also called wheels, steel rings, wheels, tire bells. There are many kinds of wheels according to the diameter, width, molding method and material.","_links":{"self":[{"href":"https:\/\/yushangwheel.com\/fi\/wp-json\/wp\/v2\/product\/5358","targetHints":{"allow":["GET"]}}],"collection":[{"href":"https:\/\/yushangwheel.com\/fi\/wp-json\/wp\/v2\/product"}],"about":[{"href":"https:\/\/yushangwheel.com\/fi\/wp-json\/wp\/v2\/types\/product"}],"wp:featuredmedia":[{"embeddable":true,"href":"https:\/\/yushangwheel.com\/fi\/wp-json\/wp\/v2\/media\/5359"}],"wp:attachment":[{"href":"https:\/\/yushangwheel.com\/fi\/wp-json\/wp\/v2\/media?parent=5358"}],"wp:term":[{"taxonomy":"product_brand","embeddable":true,"href":"https:\/\/yushangwheel.com\/fi\/wp-json\/wp\/v2\/product_brand?post=5358"},{"taxonomy":"product_cat","embeddable":true,"href":"https:\/\/yushangwheel.com\/fi\/wp-json\/wp\/v2\/product_cat?post=5358"},{"taxonomy":"product_tag","embeddable":true,"href":"https:\/\/yushangwheel.com\/fi\/wp-json\/wp\/v2\/product_tag?post=5358"}],"curies":[{"name":"wp","href":"https:\/\/api.w.org\/{rel}","templated":true}]}}