{"id":5314,"date":"2025-04-28T15:57:43","date_gmt":"2025-04-28T15:57:43","guid":{"rendered":"https:\/\/www.yushangwheel.com\/?post_type=product&#038;p=5314"},"modified":"2025-04-28T15:57:43","modified_gmt":"2025-04-28T15:57:43","slug":"10x20q","status":"publish","type":"product","link":"https:\/\/yushangwheel.com\/it\/prodotto\/10x20q\/","title":{"rendered":"10x20Q"},"content":{"rendered":"<p>In passato, i cuscinetti delle ruote delle automobili erano costituiti da cuscinetti a rulli conici o a sfere a fila singola. Con lo sviluppo della tecnologia, le unit\u00e0 mozzo sono state ampiamente utilizzate nelle automobili. L'utilizzo di unit\u00e0 di supporto per mozzi e l'aumento dell'utilizzo si sono sviluppati fino alla terza generazione: la prima generazione \u00e8 composta da cuscinetti a contatto obliquo a doppia fila. La seconda generazione \u00e8 dotata di una flangia sulla pista esterna per il fissaggio del cuscinetto, che pu\u00f2 essere semplicemente fissato sull'asse con un dado. Semplificare la manutenzione dell'auto. L'unit\u00e0 cuscinetto mozzo di terza generazione utilizza un'unit\u00e0 cuscinetto e un sistema antibloccaggio. L'unit\u00e0 mozzo \u00e8 progettata con una flangia interna e una flangia esterna; la flangia interna \u00e8 avvitata all'albero motore, mentre la flangia esterna monta l'intero cuscinetto. I prodotti dell'azienda sono ruote tubeless in acciaio per autocarri leggeri e pesanti, ruote tubeless per l'agricoltura e la silvicoltura, ruote in lega di alluminio e magnesio forgiate per autovetture. L'azienda produce 4 milioni di set di ruote all'anno e i suoi prodotti sono venduti in tutto il mondo. Le esportazioni rappresentano la quota del 50% e le vendite sul mercato interno la quota del 50%. \u00c8 un fornitore strategico di FAW, Sinotruk, Foton e altri OEM. Il marchio aziendale Bettel, i prodotti hanno superato la certificazione IATF16949, la certificazione europea TUV, la certificazione statunitense DOT, la certificazione brasiliana INMETRO.<\/p>","protected":false},"excerpt":{"rendered":"<p>Il mozzo della ruota \u00e8 una parte metallica cilindrica, montata centralmente, che sostiene il pneumatico. Viene chiamato anche ruota, anello d'acciaio, cerchione, campana del pneumatico. Esistono molti tipi di ruote a seconda del diametro, della larghezza, del metodo di stampaggio e del materiale.<\/p>","protected":false},"featured_media":5315,"template":"","meta":{"_uag_custom_page_level_css":"","site-sidebar-layout":"default","site-content-layout":"","ast-site-content-layout":"default","site-content-style":"default","site-sidebar-style":"default","ast-global-header-display":"","ast-banner-title-visibility":"","ast-main-header-display":"","ast-hfb-above-header-display":"","ast-hfb-below-header-display":"","ast-hfb-mobile-header-display":"","site-post-title":"","ast-breadcrumbs-content":"","ast-featured-img":"","footer-sml-layout":"","theme-transparent-header-meta":"default","adv-header-id-meta":"","stick-header-meta":"default","header-above-stick-meta":"","header-main-stick-meta":"","header-below-stick-meta":"","astra-migrate-meta-layouts":"set","ast-page-background-enabled":"default","ast-page-background-meta":{"desktop":{"background-color":"var(--ast-global-color-4)","background-image":"","background-repeat":"repeat","background-position":"center center","background-size":"auto","background-attachment":"scroll","background-type":"","background-media":"","overlay-type":"","overlay-color":"","overlay-opacity":"","overlay-gradient":""},"tablet":{"background-color":"","background-image":"","background-repeat":"repeat","background-position":"center center","background-size":"auto","background-attachment":"scroll","background-type":"","background-media":"","overlay-type":"","overlay-color":"","overlay-opacity":"","overlay-gradient":""},"mobile":{"background-color":"","background-image":"","background-repeat":"repeat","background-position":"center center","background-size":"auto","background-attachment":"scroll","background-type":"","background-media":"","overlay-type":"","overlay-color":"","overlay-opacity":"","overlay-gradient":""}},"ast-content-background-meta":{"desktop":{"background-color":"var(--ast-global-color-5)","background-image":"","background-repeat":"repeat","background-position":"center center","background-size":"auto","background-attachment":"scroll","background-type":"","background-media":"","overlay-type":"","overlay-color":"","overlay-opacity":"","overlay-gradient":""},"tablet":{"background-color":"var(--ast-global-color-5)","background-image":"","background-repeat":"repeat","background-position":"center center","background-size":"auto","background-attachment":"scroll","background-type":"","background-media":"","overlay-type":"","overlay-color":"","overlay-opacity":"","overlay-gradient":""},"mobile":{"background-color":"var(--ast-global-color-5)","background-image":"","background-repeat":"repeat","background-position":"center center","background-size":"auto","background-attachment":"scroll","background-type":"","background-media":"","overlay-type":"","overlay-color":"","overlay-opacity":"","overlay-gradient":""}}},"product_brand":[],"product_cat":[20],"product_tag":[],"class_list":{"0":"post-5314","1":"product","2":"type-product","3":"status-publish","4":"has-post-thumbnail","6":"product_cat-tubeless","7":"desktop-align-center","8":"tablet-align-left","9":"mobile-align-left","10":"ast-product-gallery-layout-horizontal-slider","11":"ast-product-tabs-layout-horizontal","13":"first","14":"instock","15":"shipping-taxable","16":"product-type-simple"},"uagb_featured_image_src":{"full":["https:\/\/yushangwheel.com\/wp-content\/uploads\/2025\/04\/1020q1.jpg",665,665,false],"thumbnail":["https:\/\/yushangwheel.com\/wp-content\/uploads\/2025\/04\/1020q1-150x150.jpg",150,150,true],"medium":["https:\/\/yushangwheel.com\/wp-content\/uploads\/2025\/04\/1020q1-300x300.jpg",300,300,true],"medium_large":["https:\/\/yushangwheel.com\/wp-content\/uploads\/2025\/04\/1020q1.jpg",665,665,false],"large":["https:\/\/yushangwheel.com\/wp-content\/uploads\/2025\/04\/1020q1.jpg",665,665,false],"1536x1536":["https:\/\/yushangwheel.com\/wp-content\/uploads\/2025\/04\/1020q1.jpg",665,665,false],"2048x2048":["https:\/\/yushangwheel.com\/wp-content\/uploads\/2025\/04\/1020q1.jpg",665,665,false],"trp-custom-language-flag":["https:\/\/yushangwheel.com\/wp-content\/uploads\/2025\/04\/1020q1-12x12.jpg",12,12,true],"woocommerce_thumbnail":["https:\/\/yushangwheel.com\/wp-content\/uploads\/2025\/04\/1020q1-300x300.jpg",300,300,true],"woocommerce_single":["https:\/\/yushangwheel.com\/wp-content\/uploads\/2025\/04\/1020q1-600x600.jpg",600,600,true],"woocommerce_gallery_thumbnail":["https:\/\/yushangwheel.com\/wp-content\/uploads\/2025\/04\/1020q1-100x100.jpg",100,100,true]},"uagb_author_info":{"display_name":"jinxing6611@gmail.com","author_link":"https:\/\/yushangwheel.com\/it\/author\/"},"uagb_comment_info":0,"uagb_excerpt":"The wheel hub is a cylindrical, centrally mounted metal part of the tire that supports the tire. Also called wheels, steel rings, wheels, tire bells. There are many kinds of wheels according to the diameter, width, molding method and material.","_links":{"self":[{"href":"https:\/\/yushangwheel.com\/it\/wp-json\/wp\/v2\/product\/5314","targetHints":{"allow":["GET"]}}],"collection":[{"href":"https:\/\/yushangwheel.com\/it\/wp-json\/wp\/v2\/product"}],"about":[{"href":"https:\/\/yushangwheel.com\/it\/wp-json\/wp\/v2\/types\/product"}],"wp:featuredmedia":[{"embeddable":true,"href":"https:\/\/yushangwheel.com\/it\/wp-json\/wp\/v2\/media\/5315"}],"wp:attachment":[{"href":"https:\/\/yushangwheel.com\/it\/wp-json\/wp\/v2\/media?parent=5314"}],"wp:term":[{"taxonomy":"product_brand","embeddable":true,"href":"https:\/\/yushangwheel.com\/it\/wp-json\/wp\/v2\/product_brand?post=5314"},{"taxonomy":"product_cat","embeddable":true,"href":"https:\/\/yushangwheel.com\/it\/wp-json\/wp\/v2\/product_cat?post=5314"},{"taxonomy":"product_tag","embeddable":true,"href":"https:\/\/yushangwheel.com\/it\/wp-json\/wp\/v2\/product_tag?post=5314"}],"curies":[{"name":"wp","href":"https:\/\/api.w.org\/{rel}","templated":true}]}}