{"id":5355,"date":"2025-04-28T17:07:14","date_gmt":"2025-04-28T17:07:14","guid":{"rendered":"https:\/\/www.yushangwheel.com\/?post_type=product&#038;p=5355"},"modified":"2025-04-28T17:07:14","modified_gmt":"2025-04-28T17:07:14","slug":"22-5x9-00-11","status":"publish","type":"product","link":"https:\/\/yushangwheel.com\/pt\/produto\/22-5x9-00-11\/","title":{"rendered":"22.5&#215;9.00"},"content":{"rendered":"<p>No passado, os rolamentos das rodas dos autom\u00f3veis eram os pares de rolamentos de esferas ou de rolos c\u00f3nicos de uma fila. Com o desenvolvimento da tecnologia, as unidades de cubo de carro t\u00eam sido amplamente utilizadas em carros. A utiliza\u00e7\u00e3o de unidades de rolamento de cubo e a utiliza\u00e7\u00e3o de cada vez mais, desenvolveu-se para a terceira gera\u00e7\u00e3o: a primeira gera\u00e7\u00e3o \u00e9 composta por rolamentos de contacto angular de duas filas. A segunda gera\u00e7\u00e3o tem uma flange na pista exterior para fixar o rolamento, que pode ser simplesmente fixado no eixo com uma porca. Facilita a manuten\u00e7\u00e3o do autom\u00f3vel. A unidade de rolamento do cubo de terceira gera\u00e7\u00e3o utiliza uma unidade de rolamento e um sistema de travagem anti-bloqueio. A unidade de cubo \u00e9 concebida com uma flange interior e uma flange exterior, a flange interior \u00e9 aparafusada ao eixo de transmiss\u00e3o e a flange exterior monta todo o rolamento em conjunto. Os produtos da empresa s\u00e3o rodas de a\u00e7o sem c\u00e2mara de ar para cami\u00f5es ligeiros, rodas para cami\u00f5es pesados, rodas agr\u00edcolas e florestais sem c\u00e2mara de ar, rodas forjadas em liga de alum\u00ednio e magn\u00e9sio para autom\u00f3veis de passageiros. A empresa produz 4 milh\u00f5es de conjuntos de rodas por ano e os seus produtos s\u00e3o vendidos em todo o mundo. As exporta\u00e7\u00f5es representam a propor\u00e7\u00e3o de 50% e as vendas no mercado interno representam a propor\u00e7\u00e3o de 50%. \u00c9 um fornecedor estrat\u00e9gico da FAW, Sinotruk, Foton e outros OEM. Marca da empresa Bettel, os produtos passaram a certifica\u00e7\u00e3o IATF16949, a certifica\u00e7\u00e3o TUV europeia, a certifica\u00e7\u00e3o DOT dos Estados Unidos, a certifica\u00e7\u00e3o INMETRO do Brasil.<\/p>","protected":false},"excerpt":{"rendered":"<p>O cubo da roda \u00e9 uma pe\u00e7a met\u00e1lica cil\u00edndrica, montada centralmente, que suporta o pneu. Tamb\u00e9m designado por rodas, an\u00e9is de a\u00e7o, rodas, sinos de pneus. Existem muitos tipos de rodas, consoante o di\u00e2metro, a largura, o m\u00e9todo de moldagem e o material.<\/p>","protected":false},"featured_media":5356,"template":"","meta":{"_uag_custom_page_level_css":"","site-sidebar-layout":"default","site-content-layout":"","ast-site-content-layout":"default","site-content-style":"default","site-sidebar-style":"default","ast-global-header-display":"","ast-banner-title-visibility":"","ast-main-header-display":"","ast-hfb-above-header-display":"","ast-hfb-below-header-display":"","ast-hfb-mobile-header-display":"","site-post-title":"","ast-breadcrumbs-content":"","ast-featured-img":"","footer-sml-layout":"","theme-transparent-header-meta":"default","adv-header-id-meta":"","stick-header-meta":"default","header-above-stick-meta":"","header-main-stick-meta":"","header-below-stick-meta":"","astra-migrate-meta-layouts":"set","ast-page-background-enabled":"default","ast-page-background-meta":{"desktop":{"background-color":"var(--ast-global-color-4)","background-image":"","background-repeat":"repeat","background-position":"center center","background-size":"auto","background-attachment":"scroll","background-type":"","background-media":"","overlay-type":"","overlay-color":"","overlay-opacity":"","overlay-gradient":""},"tablet":{"background-color":"","background-image":"","background-repeat":"repeat","background-position":"center center","background-size":"auto","background-attachment":"scroll","background-type":"","background-media":"","overlay-type":"","overlay-color":"","overlay-opacity":"","overlay-gradient":""},"mobile":{"background-color":"","background-image":"","background-repeat":"repeat","background-position":"center center","background-size":"auto","background-attachment":"scroll","background-type":"","background-media":"","overlay-type":"","overlay-color":"","overlay-opacity":"","overlay-gradient":""}},"ast-content-background-meta":{"desktop":{"background-color":"var(--ast-global-color-5)","background-image":"","background-repeat":"repeat","background-position":"center center","background-size":"auto","background-attachment":"scroll","background-type":"","background-media":"","overlay-type":"","overlay-color":"","overlay-opacity":"","overlay-gradient":""},"tablet":{"background-color":"var(--ast-global-color-5)","background-image":"","background-repeat":"repeat","background-position":"center center","background-size":"auto","background-attachment":"scroll","background-type":"","background-media":"","overlay-type":"","overlay-color":"","overlay-opacity":"","overlay-gradient":""},"mobile":{"background-color":"var(--ast-global-color-5)","background-image":"","background-repeat":"repeat","background-position":"center center","background-size":"auto","background-attachment":"scroll","background-type":"","background-media":"","overlay-type":"","overlay-color":"","overlay-opacity":"","overlay-gradient":""}}},"product_brand":[],"product_cat":[20],"product_tag":[],"class_list":{"0":"post-5355","1":"product","2":"type-product","3":"status-publish","4":"has-post-thumbnail","6":"product_cat-tubeless","7":"desktop-align-center","8":"tablet-align-left","9":"mobile-align-left","10":"ast-product-gallery-layout-horizontal-slider","11":"ast-product-tabs-layout-horizontal","13":"first","14":"instock","15":"shipping-taxable","16":"product-type-simple"},"uagb_featured_image_src":{"full":["https:\/\/yushangwheel.com\/wp-content\/uploads\/2025\/04\/b2259001.jpg",666,666,false],"thumbnail":["https:\/\/yushangwheel.com\/wp-content\/uploads\/2025\/04\/b2259001-150x150.jpg",150,150,true],"medium":["https:\/\/yushangwheel.com\/wp-content\/uploads\/2025\/04\/b2259001-300x300.jpg",300,300,true],"medium_large":["https:\/\/yushangwheel.com\/wp-content\/uploads\/2025\/04\/b2259001.jpg",666,666,false],"large":["https:\/\/yushangwheel.com\/wp-content\/uploads\/2025\/04\/b2259001.jpg",666,666,false],"1536x1536":["https:\/\/yushangwheel.com\/wp-content\/uploads\/2025\/04\/b2259001.jpg",666,666,false],"2048x2048":["https:\/\/yushangwheel.com\/wp-content\/uploads\/2025\/04\/b2259001.jpg",666,666,false],"trp-custom-language-flag":["https:\/\/yushangwheel.com\/wp-content\/uploads\/2025\/04\/b2259001-12x12.jpg",12,12,true],"woocommerce_thumbnail":["https:\/\/yushangwheel.com\/wp-content\/uploads\/2025\/04\/b2259001-300x300.jpg",300,300,true],"woocommerce_single":["https:\/\/yushangwheel.com\/wp-content\/uploads\/2025\/04\/b2259001-600x600.jpg",600,600,true],"woocommerce_gallery_thumbnail":["https:\/\/yushangwheel.com\/wp-content\/uploads\/2025\/04\/b2259001-100x100.jpg",100,100,true]},"uagb_author_info":{"display_name":"jinxing6611@gmail.com","author_link":"https:\/\/yushangwheel.com\/pt\/author\/"},"uagb_comment_info":0,"uagb_excerpt":"The wheel hub is a cylindrical, centrally mounted metal part of the tire that supports the tire. Also called wheels, steel rings, wheels, tire bells. There are many kinds of wheels according to the diameter, width, molding method and material.","_links":{"self":[{"href":"https:\/\/yushangwheel.com\/pt\/wp-json\/wp\/v2\/product\/5355","targetHints":{"allow":["GET"]}}],"collection":[{"href":"https:\/\/yushangwheel.com\/pt\/wp-json\/wp\/v2\/product"}],"about":[{"href":"https:\/\/yushangwheel.com\/pt\/wp-json\/wp\/v2\/types\/product"}],"wp:featuredmedia":[{"embeddable":true,"href":"https:\/\/yushangwheel.com\/pt\/wp-json\/wp\/v2\/media\/5356"}],"wp:attachment":[{"href":"https:\/\/yushangwheel.com\/pt\/wp-json\/wp\/v2\/media?parent=5355"}],"wp:term":[{"taxonomy":"product_brand","embeddable":true,"href":"https:\/\/yushangwheel.com\/pt\/wp-json\/wp\/v2\/product_brand?post=5355"},{"taxonomy":"product_cat","embeddable":true,"href":"https:\/\/yushangwheel.com\/pt\/wp-json\/wp\/v2\/product_cat?post=5355"},{"taxonomy":"product_tag","embeddable":true,"href":"https:\/\/yushangwheel.com\/pt\/wp-json\/wp\/v2\/product_tag?post=5355"}],"curies":[{"name":"wp","href":"https:\/\/api.w.org\/{rel}","templated":true}]}}